{"id":358,"date":"2024-03-19T10:06:04","date_gmt":"2024-03-19T14:06:04","guid":{"rendered":"https:\/\/pronotaire.com\/?page_id=358"},"modified":"2025-04-07T15:45:37","modified_gmt":"2025-04-07T19:45:37","slug":"technical-support","status":"publish","type":"page","link":"https:\/\/pronotaire.com\/en\/technical-support\/","title":{"rendered":"Technical Support"},"content":{"rendered":"<div  class=\"tatsu-Bkb1Qv3SC6 tatsu-section  tatsu-bg-overlay   tatsu-clearfix\" data-title=\"\"  data-headerscheme=\"background--dark\"><div class='tatsu-section-pad clearfix' data-padding='{\"d\":\"90px 0px 90px 0px\"}' data-padding-top='90px'><div class=\"tatsu-row-wrap  tatsu-wrap tatsu-row-one-col tatsu-row-has-one-cols tatsu-medium-gutter tatsu-reg-cols  tatsu-clearfix tatsu-S1gk7PhHCT\" ><div  class=\"tatsu-row \" ><div  class=\"tatsu-column  tatsu-bg-overlay tatsu-one-col tatsu-column-image-none tatsu-column-effect-none  tatsu-S1JXw2H0p\"  data-parallax-speed=\"0\" style=\"\"><div class=\"tatsu-column-inner \" ><div class=\"tatsu-column-pad-wrap\"><div class=\"tatsu-column-pad\" ><div  class=\"tatsu-module tatsu-inline-text clearfix tatsu-BJ0SPhHCa   \" ><style>.tatsu-BJ0SPhHCa .tatsu-inline-text-inner{width: 100%;text-align: left;}@media only screen and (max-width: 767px) {.tatsu-BJ0SPhHCa .tatsu-inline-text-inner{width: 100%;}}<\/style><div class=\"tatsu-inline-text-inner tatsu-align-center\">\n<h1>Soutien technique<\/h1>\n<\/div><\/div><div  class=\"tatsu-module tatsu-inline-text clearfix tatsu-HyfID2r0T   \" ><style>.tatsu-HyfID2r0T .tatsu-inline-text-inner{width: 100%;text-align: left;}@media only screen and (max-width: 767px) {.tatsu-HyfID2r0T .tatsu-inline-text-inner{width: 100%;}}<\/style><div class=\"tatsu-inline-text-inner tatsu-align-center\">\n<h3>Pour l\u2019\u00e9quipe de Pronotaire, la qualit\u00e9 du soutien technique est aussi importante que la qualit\u00e9 du produit lui-m\u00eame.<\/h3>\n<\/div><\/div><div  class=\"tatsu-module tatsu-inline-text clearfix tatsu-SyKe_hHA6   \" ><style>.tatsu-SyKe_hHA6 .tatsu-inline-text-inner{width: 100%;text-align: left;}@media only screen and (max-width: 767px) {.tatsu-SyKe_hHA6 .tatsu-inline-text-inner{width: 100%;}}<\/style><div class=\"tatsu-inline-text-inner tatsu-align-center\">\n<p><span class=\"body\">C&rsquo;est pourquoi nous n&rsquo;embauchons pas seulement des programmeurs chevronn&eacute;s, mais aussi des personnes sp&eacute;cialis&eacute;es dans le domaine juridique. Gr&acirc;ce &agrave; notre connaissance du milieu notarial, nous pouvons r&eacute;pondre plus rapidement et plus efficacement &agrave; vos besoins.<\/span><\/p>\n<p><span class=\"body\">Si vous avez des interrogations de nature technique ou juridique, n&rsquo;h&eacute;sitez surtout pas &agrave; communiquer avec notre &eacute;quipe au <a href=\"mailto:service@pronotaire.com\" target=\"_blank\" rel=\"noopener\"><span class=\"tatsu-inline-link-style2 body\"><strong>service@pronotaire.com<\/strong><\/span><\/a>. Cette derni&egrave;re se fera un plaisir de vous &eacute;clairer sur les diff&eacute;rentes fonctions des logiciels Pronotaire et SURF.<\/span><\/p>\n<\/div><\/div><div  class=\"tatsu-module tatsu-inline-text clearfix tatsu-BJyaPhSRa   \" ><style>.tatsu-BJyaPhSRa .tatsu-inline-text-inner{width: 100%;text-align: left;}@media only screen and (max-width: 767px) {.tatsu-BJyaPhSRa .tatsu-inline-text-inner{width: 100%;}}<\/style><div class=\"tatsu-inline-text-inner tatsu-align-center\">\n<h5>Voici un aper\u00e7u des op\u00e9rations pour lesquelles notre soutien technique peut vous aider :<\/h5>\n<\/div><\/div><div  class=\"tatsu-module tatsu-inline-text clearfix tatsu-SJkAw3BC6   \" ><style>.tatsu-SJkAw3BC6 .tatsu-inline-text-inner{width: 100%;text-align: left;}@media only screen and (max-width: 767px) {.tatsu-SJkAw3BC6 .tatsu-inline-text-inner{width: 100%;}}<\/style><div class=\"tatsu-inline-text-inner tatsu-align-center\">\n<ul>\n<li>Installation et configuration du logiciel Pronotaire<\/li>\n<li>Installation en configuration du logiciel SURF<\/li>\n<li>Configuration de la passerelle Pronotaire\/Acomba<\/li>\n<li>Production de diff\u00e9rents mod\u00e8les (club des mod\u00e8les et r\u00e9pertoire de droit)<\/li>\n<li>Gestion de votre comptabilit\u00e9 en fid\u00e9icommis<\/li>\n<li>Envoi des rapports de testaments et de mandats \u00e0 la Chambre des notaires<\/li>\n<li>Publication des actes en ligne des actes au Registre foncier.<\/li>\n<\/ul>\n<\/div><\/div><div  class=\"tatsu-module tatsu-inline-text clearfix tatsu-HJbUvhr0T   \" ><style>.tatsu-HJbUvhr0T .tatsu-inline-text-inner{width: 100%;text-align: left;}@media only screen and (max-width: 767px) {.tatsu-HJbUvhr0T .tatsu-inline-text-inner{width: 100%;}}<\/style><div class=\"tatsu-inline-text-inner tatsu-align-center\">\n<p>Si vous souhaitez devenir enti\u00e8rement autonomes et ma\u00eetriser nos logiciels \u00e0 la perfection, vous pouvez aussi communiquer avec nous pour recevoir une formation personnalis\u00e9e ou de groupe.<\/p>\n<\/div><\/div><\/div><\/div><div class = \"tatsu-column-bg-image-wrap\"><div class = \"tatsu-column-bg-image\" ><\/div><\/div><div class=\"tatsu-overlay tatsu-column-overlay tatsu-animate-none\" ><\/div><\/div><style>.tatsu-row > .tatsu-S1JXw2H0p.tatsu-column{width: 74.01%;}.tatsu-S1JXw2H0p.tatsu-column > .tatsu-column-inner > .tatsu-column-overlay{mix-blend-mode: normal;}.tatsu-S1JXw2H0p > .tatsu-column-inner > .tatsu-top-divider{z-index: 9999;}.tatsu-S1JXw2H0p > .tatsu-column-inner > .tatsu-bottom-divider{z-index: 9999;}.tatsu-S1JXw2H0p > .tatsu-column-inner > .tatsu-left-divider{z-index: 9999;}.tatsu-S1JXw2H0p > .tatsu-column-inner > .tatsu-right-divider{z-index: 9999;}@media only screen and (max-width:1377px) {.tatsu-row > .tatsu-S1JXw2H0p.tatsu-column{width: 100%;}}@media only screen and (min-width:768px) and (max-width: 1024px) {.tatsu-row > .tatsu-S1JXw2H0p.tatsu-column{width: 100%;}}@media only screen and (max-width: 767px) {.tatsu-row > .tatsu-S1JXw2H0p.tatsu-column{width: 100%;}}<\/style><\/div><\/div><\/div><\/div><div class=\"tatsu-section-background-wrap\"><div class = \"tatsu-section-background\" ><\/div><\/div><div class=\"tatsu-overlay tatsu-section-overlay\"><\/div><style>.tatsu-Bkb1Qv3SC6 .tatsu-section-pad{padding: 90px 0px 90px 0px;}.tatsu-Bkb1Qv3SC6 .tatsu-section-offset-wrap{transform: translateY(-0px);}.tatsu-Bkb1Qv3SC6 > .tatsu-bottom-divider{z-index: 9999;}.tatsu-Bkb1Qv3SC6 > .tatsu-top-divider{z-index: 9999;}.tatsu-Bkb1Qv3SC6 .tatsu-section-overlay{mix-blend-mode: normal;}<\/style><\/div>\n","protected":false},"excerpt":{"rendered":"<div><a href=\"https:\/\/pronotaire.com\/en\/technical-support\/\" class=\"exp-read-more exp-read-more-underlined\">Read More<\/a><\/div>\n","protected":false},"author":2,"featured_media":0,"parent":0,"menu_order":0,"comment_status":"closed","ping_status":"closed","template":"","meta":{"footnotes":""},"class_list":["post-358","page","type-page","status-publish","hentry"],"yoast_head":"<!-- This site is optimized with the Yoast SEO plugin v27.2 - https:\/\/yoast.com\/product\/yoast-seo-wordpress\/ -->\n<title>Technical Support - Pronotaire<\/title>\n<meta name=\"robots\" content=\"index, follow, max-snippet:-1, max-image-preview:large, max-video-preview:-1\" \/>\n<link rel=\"canonical\" href=\"https:\/\/pronotaire.com\/en\/technical-support\/\" \/>\n<meta property=\"og:locale\" content=\"en_US\" \/>\n<meta property=\"og:type\" content=\"article\" \/>\n<meta property=\"og:title\" content=\"Technical Support - Pronotaire\" \/>\n<meta property=\"og:description\" content=\"Read More\" \/>\n<meta property=\"og:url\" content=\"https:\/\/pronotaire.com\/en\/technical-support\/\" \/>\n<meta property=\"og:site_name\" content=\"Pronotaire\" \/>\n<meta property=\"article:modified_time\" content=\"2025-04-07T19:45:37+00:00\" \/>\n<meta name=\"twitter:card\" content=\"summary_large_image\" \/>\n<meta name=\"twitter:label1\" content=\"Est. reading time\" \/>\n\t<meta name=\"twitter:data1\" content=\"4 minutes\" \/>\n<script type=\"application\/ld+json\" class=\"yoast-schema-graph\">{\"@context\":\"https:\/\/schema.org\",\"@graph\":[{\"@type\":\"WebPage\",\"@id\":\"https:\/\/pronotaire.com\/en\/technical-support\/\",\"url\":\"https:\/\/pronotaire.com\/en\/technical-support\/\",\"name\":\"Technical Support - Pronotaire\",\"isPartOf\":{\"@id\":\"https:\/\/pronotaire.com\/fr\/#website\"},\"datePublished\":\"2024-03-19T14:06:04+00:00\",\"dateModified\":\"2025-04-07T19:45:37+00:00\",\"breadcrumb\":{\"@id\":\"https:\/\/pronotaire.com\/en\/technical-support\/#breadcrumb\"},\"inLanguage\":\"en-US\",\"potentialAction\":[{\"@type\":\"ReadAction\",\"target\":[\"https:\/\/pronotaire.com\/en\/technical-support\/\"]}]},{\"@type\":\"BreadcrumbList\",\"@id\":\"https:\/\/pronotaire.com\/en\/technical-support\/#breadcrumb\",\"itemListElement\":[{\"@type\":\"ListItem\",\"position\":1,\"name\":\"Accueil\",\"item\":\"https:\/\/pronotaire.com\/en\/\"},{\"@type\":\"ListItem\",\"position\":2,\"name\":\"Technical Support\"}]},{\"@type\":\"WebSite\",\"@id\":\"https:\/\/pronotaire.com\/fr\/#website\",\"url\":\"https:\/\/pronotaire.com\/fr\/\",\"name\":\"Pronotaire\",\"description\":\"Logiciel de gestion pour notaire.\",\"potentialAction\":[{\"@type\":\"SearchAction\",\"target\":{\"@type\":\"EntryPoint\",\"urlTemplate\":\"https:\/\/pronotaire.com\/fr\/?s={search_term_string}\"},\"query-input\":{\"@type\":\"PropertyValueSpecification\",\"valueRequired\":true,\"valueName\":\"search_term_string\"}}],\"inLanguage\":\"en-US\"}]}<\/script>\n<!-- \/ Yoast SEO plugin. -->","yoast_head_json":{"title":"Technical Support - Pronotaire","robots":{"index":"index","follow":"follow","max-snippet":"max-snippet:-1","max-image-preview":"max-image-preview:large","max-video-preview":"max-video-preview:-1"},"canonical":"https:\/\/pronotaire.com\/en\/technical-support\/","og_locale":"en_US","og_type":"article","og_title":"Technical Support - Pronotaire","og_description":"Read More","og_url":"https:\/\/pronotaire.com\/en\/technical-support\/","og_site_name":"Pronotaire","article_modified_time":"2025-04-07T19:45:37+00:00","twitter_card":"summary_large_image","twitter_misc":{"Est. reading time":"4 minutes"},"schema":{"@context":"https:\/\/schema.org","@graph":[{"@type":"WebPage","@id":"https:\/\/pronotaire.com\/en\/technical-support\/","url":"https:\/\/pronotaire.com\/en\/technical-support\/","name":"Technical Support - Pronotaire","isPartOf":{"@id":"https:\/\/pronotaire.com\/fr\/#website"},"datePublished":"2024-03-19T14:06:04+00:00","dateModified":"2025-04-07T19:45:37+00:00","breadcrumb":{"@id":"https:\/\/pronotaire.com\/en\/technical-support\/#breadcrumb"},"inLanguage":"en-US","potentialAction":[{"@type":"ReadAction","target":["https:\/\/pronotaire.com\/en\/technical-support\/"]}]},{"@type":"BreadcrumbList","@id":"https:\/\/pronotaire.com\/en\/technical-support\/#breadcrumb","itemListElement":[{"@type":"ListItem","position":1,"name":"Accueil","item":"https:\/\/pronotaire.com\/en\/"},{"@type":"ListItem","position":2,"name":"Technical Support"}]},{"@type":"WebSite","@id":"https:\/\/pronotaire.com\/fr\/#website","url":"https:\/\/pronotaire.com\/fr\/","name":"Pronotaire","description":"Logiciel de gestion pour notaire.","potentialAction":[{"@type":"SearchAction","target":{"@type":"EntryPoint","urlTemplate":"https:\/\/pronotaire.com\/fr\/?s={search_term_string}"},"query-input":{"@type":"PropertyValueSpecification","valueRequired":true,"valueName":"search_term_string"}}],"inLanguage":"en-US"}]}},"_links":{"self":[{"href":"https:\/\/pronotaire.com\/en\/wp-json\/wp\/v2\/pages\/358","targetHints":{"allow":["GET"]}}],"collection":[{"href":"https:\/\/pronotaire.com\/en\/wp-json\/wp\/v2\/pages"}],"about":[{"href":"https:\/\/pronotaire.com\/en\/wp-json\/wp\/v2\/types\/page"}],"author":[{"embeddable":true,"href":"https:\/\/pronotaire.com\/en\/wp-json\/wp\/v2\/users\/2"}],"replies":[{"embeddable":true,"href":"https:\/\/pronotaire.com\/en\/wp-json\/wp\/v2\/comments?post=358"}],"version-history":[{"count":4,"href":"https:\/\/pronotaire.com\/en\/wp-json\/wp\/v2\/pages\/358\/revisions"}],"predecessor-version":[{"id":745,"href":"https:\/\/pronotaire.com\/en\/wp-json\/wp\/v2\/pages\/358\/revisions\/745"}],"wp:attachment":[{"href":"https:\/\/pronotaire.com\/en\/wp-json\/wp\/v2\/media?parent=358"}],"curies":[{"name":"wp","href":"https:\/\/api.w.org\/{rel}","templated":true}]}}