{"id":137,"date":"2024-03-19T09:56:42","date_gmt":"2024-03-19T13:56:42","guid":{"rendered":"https:\/\/pronotaire.com\/?page_id=137"},"modified":"2024-03-19T13:31:24","modified_gmt":"2024-03-19T17:31:24","slug":"inviter-un-collegue-a-utiliser-pronotaire","status":"publish","type":"page","link":"https:\/\/pronotaire.com\/fr\/inviter-un-collegue-a-utiliser-pronotaire\/","title":{"rendered":"Inviter un coll\u00e8gue \u00e0 utiliser Pronotaire"},"content":{"rendered":"<div  class=\"tatsu-BkW-_bASRa tatsu-section  tatsu-bg-overlay   tatsu-clearfix\" data-title=\"\"  data-headerscheme=\"background--dark\"><div class='tatsu-section-pad clearfix' data-padding='{\"d\":\"90px 0px 90px 0px\"}' data-padding-top='90px'><div class=\"tatsu-row-wrap  tatsu-wrap tatsu-row-one-col tatsu-row-has-one-cols tatsu-medium-gutter tatsu-reg-cols  tatsu-clearfix tatsu-rkeZd-ASRa\" ><div  class=\"tatsu-row \" ><div  class=\"tatsu-column  tatsu-bg-overlay tatsu-one-col tatsu-column-image-none tatsu-column-effect-none  tatsu-HJ-dZRr06\"  data-parallax-speed=\"0\" style=\"\"><div class=\"tatsu-column-inner \" ><div class=\"tatsu-column-pad-wrap\"><div class=\"tatsu-column-pad\" ><div  class=\"tatsu-module tatsu-inline-text clearfix tatsu-Bkxab0rRp   \" ><style>.tatsu-Bkxab0rRp .tatsu-inline-text-inner{width: 100%;text-align: left;}@media only screen and (max-width: 767px) {.tatsu-Bkxab0rRp .tatsu-inline-text-inner{width: 100%;}}<\/style><div class=\"tatsu-inline-text-inner tatsu-align-center\">\n<h1>Inviter un coll\u00e8gue \u00e0 utiliser Pronotaire<\/h1>\n<\/div><\/div><\/div><\/div><div class = \"tatsu-column-bg-image-wrap\"><div class = \"tatsu-column-bg-image\" ><\/div><\/div><div class=\"tatsu-overlay tatsu-column-overlay tatsu-animate-none\" ><\/div><\/div><style>.tatsu-row > .tatsu-HJ-dZRr06.tatsu-column{width: 100%;}.tatsu-HJ-dZRr06.tatsu-column > .tatsu-column-inner > .tatsu-column-overlay{mix-blend-mode: normal;}.tatsu-HJ-dZRr06 > .tatsu-column-inner > .tatsu-top-divider{z-index: 9999;}.tatsu-HJ-dZRr06 > .tatsu-column-inner > .tatsu-bottom-divider{z-index: 9999;}.tatsu-HJ-dZRr06 > .tatsu-column-inner > .tatsu-left-divider{z-index: 9999;}.tatsu-HJ-dZRr06 > .tatsu-column-inner > .tatsu-right-divider{z-index: 9999;}@media only screen and (max-width:1377px) {.tatsu-row > .tatsu-HJ-dZRr06.tatsu-column{width: 100%;}}@media only screen and (min-width:768px) and (max-width: 1024px) {.tatsu-row > .tatsu-HJ-dZRr06.tatsu-column{width: 100%;}}@media only screen and (max-width: 767px) {.tatsu-row > .tatsu-HJ-dZRr06.tatsu-column{width: 100%;}}<\/style><\/div><\/div><\/div><div class=\"tatsu-row-wrap  tatsu-wrap tatsu-row-has-two-cols tatsu-medium-gutter tatsu-eq-cols  tatsu-clearfix tatsu-r1g2xzRH06\" ><div  class=\"tatsu-row \" ><div  class=\"tatsu-column  tatsu-bg-overlay tatsu-one-third tatsu-column-image-none tatsu-column-effect-none  tatsu-SyyWfCBCa\"  data-parallax-speed=\"0\" style=\"\"><div class=\"tatsu-column-inner \" ><div class=\"tatsu-column-pad-wrap\"><div class=\"tatsu-column-pad\" ><div  class=\"tatsu-single-image tatsu-module tatsu-image-lazyload tatsu-ryHWzRH0T  \" ><div class=\"tatsu-single-image-inner \" style=\"width : 362px;\" ><div class = \"tatsu-single-image-padding-wrap\" style = \"padding-bottom : 124.58563535912%;\" ><\/div><img class = \"tatsu-gradient-border\" alt = \"\" title = \"promo_inviter_collegue_lg\" data-src = \"https:\/\/pronotaire.com\/wp-content\/uploads\/2024\/03\/promo_inviter_collegue_lg.png\" src =\"data:image\/png;base64,iVBORw0KGgoAAAANSUhEUgAAAAEAAAABCAQAAAC1HAwCAAAAC0lEQVR42mNkYAAAAAYAAjCB0C8AAAAASUVORK5CYII=\"  \/><\/div><style>.tatsu-ryHWzRH0T .tatsu-single-image-inner{border-style: solid;max-width: 100%;}.tatsu-ryHWzRH0T.tatsu-single-image{transform: translate3d(0px,0px, 0);}<\/style><\/div><\/div><\/div><div class = \"tatsu-column-bg-image-wrap\"><div class = \"tatsu-column-bg-image\" ><\/div><\/div><div class=\"tatsu-overlay tatsu-column-overlay tatsu-animate-none\" ><\/div><\/div><style>.tatsu-row > .tatsu-SyyWfCBCa.tatsu-column{width: 33.3%;}.tatsu-SyyWfCBCa.tatsu-column > .tatsu-column-inner > .tatsu-column-overlay{mix-blend-mode: normal;}.tatsu-SyyWfCBCa > .tatsu-column-inner > .tatsu-top-divider{z-index: 9999;}.tatsu-SyyWfCBCa > .tatsu-column-inner > .tatsu-bottom-divider{z-index: 9999;}.tatsu-SyyWfCBCa > .tatsu-column-inner > .tatsu-left-divider{z-index: 9999;}.tatsu-SyyWfCBCa > .tatsu-column-inner > .tatsu-right-divider{z-index: 9999;}@media only screen and (max-width:1377px) {.tatsu-row > .tatsu-SyyWfCBCa.tatsu-column{width: 33.33%;}}@media only screen and (min-width:768px) and (max-width: 1024px) {.tatsu-row > .tatsu-SyyWfCBCa.tatsu-column{width: 33.33%;}}@media only screen and (max-width: 767px) {.tatsu-row > .tatsu-SyyWfCBCa.tatsu-column{width: 100%;}}<\/style><\/div><div  class=\"tatsu-column  tatsu-bg-overlay tatsu-two-third tatsu-column-image-none tatsu-column-effect-none  tatsu-BJg1bGCS0T\"  data-parallax-speed=\"0\" style=\"\"><div class=\"tatsu-column-inner \" ><div class=\"tatsu-column-pad-wrap\"><div class=\"tatsu-column-pad\" ><div  class=\"tatsu-module tatsu-inline-text clearfix tatsu-HJdfM0SAT   \" ><style>.tatsu-HJdfM0SAT .tatsu-inline-text-inner{width: 100%;text-align: left;}@media only screen and (max-width: 767px) {.tatsu-HJdfM0SAT .tatsu-inline-text-inner{width: 100%;}}<\/style><div class=\"tatsu-inline-text-inner tatsu-align-center\">\n<p><strong>R\u00e9f\u00e9rez un nouveau client Pronotaire et obtenez 100 $ !<\/strong><\/p>\n<p><strong>Comment participer ?<\/strong><\/p>\n<ul>\n<li>Nous transmettre les coordonn\u00e9es de la prochaine personne qui pourrait avoir le plaisir de travailler avec Pronotaire.<\/li>\n<li>Encaisser votre ch\u00e8que de 100 $.*<\/li>\n<\/ul>\n<p>\u00a0<\/p>\n<\/div><\/div><div  class=\"tatsu-module tatsu-normal-button tatsu-button-wrap   tatsu-HkudfCrCT   generique-pronotaire-fr\"><a class=\"tatsu-shortcode mediumbtn tatsu-button left-icon rounded   bg-animation-none  \" href=\"#\" style= \"\"  aria-label=\"je veux participer\" data-gdpr-atts={} >je veux participer<\/a><style>.tatsu-HkudfCrCT .tatsu-button{background-color: rgba(30,149,211,1);color: rgba(240,240,240,1) ;}.tatsu-HkudfCrCT .tatsu-button:hover{background-color: rgba(58,60,61,1);color: rgba(255,255,255,1) ;}.tatsu-HkudfCrCT.tatsu-button-wrap{margin: 0px 0px 15px 0px;}<\/style><\/div><div  class=\"tatsu-module tatsu-text-block-wrap tatsu-ryzifRB0a  \"><div class=\"tatsu-text-inner tatsu-align-center  clearfix\" ><style>.tatsu-ryzifRB0a.tatsu-text-block-wrap .tatsu-text-inner{width: 100%;text-align: left;}<\/style>\n<p style=\"color: #444444; font-size: 11px; line-height: 21px;\">* Pour que la r\u00e9f\u00e9rence soit valide, la personne r\u00e9f\u00e9r\u00e9e doit s\u2019abonner \u00e0 Pronotaire, \u00e0 titre de notaire associ\u00e9, dans les 90 jours suivant le r\u00e9f\u00e9rencement. Le client qui r\u00e9f\u00e8re aura droit \u00e0 une ristourne de 100 $. Les ch\u00e8ques seront envoy\u00e9s apr\u00e8s le paiement de la premi\u00e8re mensualit\u00e9 suivant la p\u00e9riode d\u2019essai de 3 mois, et ce, en m\u00eame temps que les autres programmes de ristournes chez ACCEO Solutions inc., soit une fois par trimestre. Cette offre n\u2019est ni \u00e9changeable ni monnayable. Est consid\u00e9r\u00e9 comme r\u00e9f\u00e9rencement, le r\u00e9f\u00e9rencement d\u2019une personne ne d\u00e9tenant aucune solution chez ACCEO Solutions inc. Si aucun abonnement ne survient dans les 90 jours, la demande de r\u00e9f\u00e9rencement sera annul\u00e9e. Le client qui r\u00e9f\u00e8re et le client qui est r\u00e9f\u00e9r\u00e9 doivent \u00eatre deux personnes physiques distinctes; il n\u2019est pas permis de se r\u00e9f\u00e9rer soi-m\u00eame, de r\u00e9f\u00e9rer son mandataire ou l\u2019un de ses repr\u00e9sentants l\u00e9gaux pour profiter de cette offre. Il n\u2019est pas non plus permis de r\u00e9f\u00e9rer un notaire employ\u00e9 de la m\u00eame \u00e9tude, comme notaire associ\u00e9 dans l\u2019\u00e9tude.<\/p>\n<\/div><\/div><\/div><\/div><div class = \"tatsu-column-bg-image-wrap\"><div class = \"tatsu-column-bg-image\" ><\/div><\/div><div class=\"tatsu-overlay tatsu-column-overlay tatsu-animate-none\" ><\/div><\/div><style>.tatsu-row > .tatsu-BJg1bGCS0T.tatsu-column{width: 66.7%;}.tatsu-BJg1bGCS0T.tatsu-column > .tatsu-column-inner > .tatsu-column-overlay{mix-blend-mode: normal;}.tatsu-BJg1bGCS0T > .tatsu-column-inner > .tatsu-top-divider{z-index: 9999;}.tatsu-BJg1bGCS0T > .tatsu-column-inner > .tatsu-bottom-divider{z-index: 9999;}.tatsu-BJg1bGCS0T > .tatsu-column-inner > .tatsu-left-divider{z-index: 9999;}.tatsu-BJg1bGCS0T > .tatsu-column-inner > .tatsu-right-divider{z-index: 9999;}@media only screen and (max-width:1377px) {.tatsu-row > .tatsu-BJg1bGCS0T.tatsu-column{width: 66.67%;}}@media only screen and (min-width:768px) and (max-width: 1024px) {.tatsu-row > .tatsu-BJg1bGCS0T.tatsu-column{width: 66.67%;}}@media only screen and (max-width: 767px) {.tatsu-row > .tatsu-BJg1bGCS0T.tatsu-column{width: 100%;}}<\/style><\/div><\/div><\/div><\/div><div class=\"tatsu-section-background-wrap\"><div class = \"tatsu-section-background\" ><\/div><\/div><div class=\"tatsu-overlay tatsu-section-overlay\"><\/div><style>.tatsu-BkW-_bASRa .tatsu-section-pad{padding: 90px 0px 90px 0px;}.tatsu-BkW-_bASRa .tatsu-section-offset-wrap{transform: translateY(-0px);}.tatsu-BkW-_bASRa > .tatsu-bottom-divider{z-index: 9999;}.tatsu-BkW-_bASRa > .tatsu-top-divider{z-index: 9999;}.tatsu-BkW-_bASRa .tatsu-section-overlay{mix-blend-mode: normal;}<\/style><\/div>\n","protected":false},"excerpt":{"rendered":"<div><a href=\"https:\/\/pronotaire.com\/fr\/inviter-un-collegue-a-utiliser-pronotaire\/\" class=\"exp-read-more exp-read-more-underlined\">Read More<\/a><\/div>\n","protected":false},"author":2,"featured_media":0,"parent":0,"menu_order":0,"comment_status":"closed","ping_status":"closed","template":"","meta":{"footnotes":""},"class_list":["post-137","page","type-page","status-publish","hentry"],"yoast_head":"<!-- This site is optimized with the Yoast SEO plugin v27.2 - https:\/\/yoast.com\/product\/yoast-seo-wordpress\/ -->\n<title>Inviter un coll\u00e8gue \u00e0 utiliser Pronotaire - Pronotaire<\/title>\n<meta name=\"robots\" content=\"index, follow, max-snippet:-1, max-image-preview:large, max-video-preview:-1\" \/>\n<link rel=\"canonical\" href=\"https:\/\/pronotaire.com\/fr\/inviter-un-collegue-a-utiliser-pronotaire\/\" \/>\n<meta property=\"og:locale\" content=\"fr_FR\" \/>\n<meta property=\"og:type\" content=\"article\" \/>\n<meta property=\"og:title\" content=\"Inviter un coll\u00e8gue \u00e0 utiliser Pronotaire - Pronotaire\" \/>\n<meta property=\"og:description\" content=\"Read More\" \/>\n<meta property=\"og:url\" content=\"https:\/\/pronotaire.com\/fr\/inviter-un-collegue-a-utiliser-pronotaire\/\" \/>\n<meta property=\"og:site_name\" content=\"Pronotaire\" \/>\n<meta property=\"article:modified_time\" content=\"2024-03-19T17:31:24+00:00\" \/>\n<meta name=\"twitter:card\" content=\"summary_large_image\" \/>\n<meta name=\"twitter:label1\" content=\"Dur\u00e9e de lecture estim\u00e9e\" \/>\n\t<meta name=\"twitter:data1\" content=\"6 minutes\" \/>\n<script type=\"application\/ld+json\" class=\"yoast-schema-graph\">{\"@context\":\"https:\/\/schema.org\",\"@graph\":[{\"@type\":\"WebPage\",\"@id\":\"https:\/\/pronotaire.com\/fr\/inviter-un-collegue-a-utiliser-pronotaire\/\",\"url\":\"https:\/\/pronotaire.com\/fr\/inviter-un-collegue-a-utiliser-pronotaire\/\",\"name\":\"Inviter un coll\u00e8gue \u00e0 utiliser Pronotaire - Pronotaire\",\"isPartOf\":{\"@id\":\"https:\/\/pronotaire.com\/fr\/#website\"},\"datePublished\":\"2024-03-19T13:56:42+00:00\",\"dateModified\":\"2024-03-19T17:31:24+00:00\",\"breadcrumb\":{\"@id\":\"https:\/\/pronotaire.com\/fr\/inviter-un-collegue-a-utiliser-pronotaire\/#breadcrumb\"},\"inLanguage\":\"fr-FR\",\"potentialAction\":[{\"@type\":\"ReadAction\",\"target\":[\"https:\/\/pronotaire.com\/fr\/inviter-un-collegue-a-utiliser-pronotaire\/\"]}]},{\"@type\":\"BreadcrumbList\",\"@id\":\"https:\/\/pronotaire.com\/fr\/inviter-un-collegue-a-utiliser-pronotaire\/#breadcrumb\",\"itemListElement\":[{\"@type\":\"ListItem\",\"position\":1,\"name\":\"Accueil\",\"item\":\"https:\/\/pronotaire.com\/fr\/\"},{\"@type\":\"ListItem\",\"position\":2,\"name\":\"Inviter un coll\u00e8gue \u00e0 utiliser Pronotaire\"}]},{\"@type\":\"WebSite\",\"@id\":\"https:\/\/pronotaire.com\/fr\/#website\",\"url\":\"https:\/\/pronotaire.com\/fr\/\",\"name\":\"Pronotaire\",\"description\":\"Logiciel de gestion pour notaire.\",\"potentialAction\":[{\"@type\":\"SearchAction\",\"target\":{\"@type\":\"EntryPoint\",\"urlTemplate\":\"https:\/\/pronotaire.com\/fr\/?s={search_term_string}\"},\"query-input\":{\"@type\":\"PropertyValueSpecification\",\"valueRequired\":true,\"valueName\":\"search_term_string\"}}],\"inLanguage\":\"fr-FR\"}]}<\/script>\n<!-- \/ Yoast SEO plugin. -->","yoast_head_json":{"title":"Inviter un coll\u00e8gue \u00e0 utiliser Pronotaire - Pronotaire","robots":{"index":"index","follow":"follow","max-snippet":"max-snippet:-1","max-image-preview":"max-image-preview:large","max-video-preview":"max-video-preview:-1"},"canonical":"https:\/\/pronotaire.com\/fr\/inviter-un-collegue-a-utiliser-pronotaire\/","og_locale":"fr_FR","og_type":"article","og_title":"Inviter un coll\u00e8gue \u00e0 utiliser Pronotaire - Pronotaire","og_description":"Read More","og_url":"https:\/\/pronotaire.com\/fr\/inviter-un-collegue-a-utiliser-pronotaire\/","og_site_name":"Pronotaire","article_modified_time":"2024-03-19T17:31:24+00:00","twitter_card":"summary_large_image","twitter_misc":{"Dur\u00e9e de lecture estim\u00e9e":"6 minutes"},"schema":{"@context":"https:\/\/schema.org","@graph":[{"@type":"WebPage","@id":"https:\/\/pronotaire.com\/fr\/inviter-un-collegue-a-utiliser-pronotaire\/","url":"https:\/\/pronotaire.com\/fr\/inviter-un-collegue-a-utiliser-pronotaire\/","name":"Inviter un coll\u00e8gue \u00e0 utiliser Pronotaire - Pronotaire","isPartOf":{"@id":"https:\/\/pronotaire.com\/fr\/#website"},"datePublished":"2024-03-19T13:56:42+00:00","dateModified":"2024-03-19T17:31:24+00:00","breadcrumb":{"@id":"https:\/\/pronotaire.com\/fr\/inviter-un-collegue-a-utiliser-pronotaire\/#breadcrumb"},"inLanguage":"fr-FR","potentialAction":[{"@type":"ReadAction","target":["https:\/\/pronotaire.com\/fr\/inviter-un-collegue-a-utiliser-pronotaire\/"]}]},{"@type":"BreadcrumbList","@id":"https:\/\/pronotaire.com\/fr\/inviter-un-collegue-a-utiliser-pronotaire\/#breadcrumb","itemListElement":[{"@type":"ListItem","position":1,"name":"Accueil","item":"https:\/\/pronotaire.com\/fr\/"},{"@type":"ListItem","position":2,"name":"Inviter un coll\u00e8gue \u00e0 utiliser Pronotaire"}]},{"@type":"WebSite","@id":"https:\/\/pronotaire.com\/fr\/#website","url":"https:\/\/pronotaire.com\/fr\/","name":"Pronotaire","description":"Logiciel de gestion pour notaire.","potentialAction":[{"@type":"SearchAction","target":{"@type":"EntryPoint","urlTemplate":"https:\/\/pronotaire.com\/fr\/?s={search_term_string}"},"query-input":{"@type":"PropertyValueSpecification","valueRequired":true,"valueName":"search_term_string"}}],"inLanguage":"fr-FR"}]}},"_links":{"self":[{"href":"https:\/\/pronotaire.com\/fr\/wp-json\/wp\/v2\/pages\/137","targetHints":{"allow":["GET"]}}],"collection":[{"href":"https:\/\/pronotaire.com\/fr\/wp-json\/wp\/v2\/pages"}],"about":[{"href":"https:\/\/pronotaire.com\/fr\/wp-json\/wp\/v2\/types\/page"}],"author":[{"embeddable":true,"href":"https:\/\/pronotaire.com\/fr\/wp-json\/wp\/v2\/users\/2"}],"replies":[{"embeddable":true,"href":"https:\/\/pronotaire.com\/fr\/wp-json\/wp\/v2\/comments?post=137"}],"version-history":[{"count":5,"href":"https:\/\/pronotaire.com\/fr\/wp-json\/wp\/v2\/pages\/137\/revisions"}],"predecessor-version":[{"id":334,"href":"https:\/\/pronotaire.com\/fr\/wp-json\/wp\/v2\/pages\/137\/revisions\/334"}],"wp:attachment":[{"href":"https:\/\/pronotaire.com\/fr\/wp-json\/wp\/v2\/media?parent=137"}],"curies":[{"name":"wp","href":"https:\/\/api.w.org\/{rel}","templated":true}]}}