{"id":139,"date":"2024-03-14T11:53:58","date_gmt":"2024-03-14T15:53:58","guid":{"rendered":"https:\/\/pronotaire.com\/?page_id=139"},"modified":"2025-04-07T15:38:18","modified_gmt":"2025-04-07T19:38:18","slug":"offre-exclusive-aux-finissants","status":"publish","type":"page","link":"https:\/\/pronotaire.com\/fr\/offre-exclusive-aux-finissants\/","title":{"rendered":"Offre exclusive aux finissants"},"content":{"rendered":"<div  class=\"tatsu-SkZjXRSRa tatsu-section  tatsu-bg-overlay   tatsu-clearfix\" data-title=\"\"  data-headerscheme=\"background--dark\"><div class='tatsu-section-pad clearfix' data-padding='{\"d\":\"90px 0px 90px 0px\"}' data-padding-top='90px'><div class=\"tatsu-row-wrap  tatsu-wrap tatsu-row-one-col tatsu-row-has-one-cols tatsu-medium-gutter tatsu-reg-cols  tatsu-clearfix tatsu-H1gWimAHAT\" ><div  class=\"tatsu-row \" ><div  class=\"tatsu-column  tatsu-bg-overlay tatsu-one-col tatsu-column-image-none tatsu-column-effect-none  tatsu-rk-ZsXRr06\"  data-parallax-speed=\"0\" style=\"\"><div class=\"tatsu-column-inner \" ><div class=\"tatsu-column-pad-wrap\"><div class=\"tatsu-column-pad\" ><div  class=\"tatsu-module tatsu-inline-text clearfix tatsu-rJGWj70rC6   \" ><style>.tatsu-rJGWj70rC6 .tatsu-inline-text-inner{width: 100%;text-align: left;}@media only screen and (max-width: 767px) {.tatsu-rJGWj70rC6 .tatsu-inline-text-inner{width: 100%;}}<\/style><div class=\"tatsu-inline-text-inner tatsu-align-center\">\n<h1>Offre exclusive aux finissants<\/h1>\n<\/div><\/div><\/div><\/div><div class = \"tatsu-column-bg-image-wrap\"><div class = \"tatsu-column-bg-image\" ><\/div><\/div><div class=\"tatsu-overlay tatsu-column-overlay tatsu-animate-none\" ><\/div><\/div><style>.tatsu-row > .tatsu-rk-ZsXRr06.tatsu-column{width: 100%;}.tatsu-rk-ZsXRr06.tatsu-column > .tatsu-column-inner > .tatsu-column-overlay{mix-blend-mode: normal;}.tatsu-rk-ZsXRr06 > .tatsu-column-inner > .tatsu-top-divider{z-index: 9999;}.tatsu-rk-ZsXRr06 > .tatsu-column-inner > .tatsu-bottom-divider{z-index: 9999;}.tatsu-rk-ZsXRr06 > .tatsu-column-inner > .tatsu-left-divider{z-index: 9999;}.tatsu-rk-ZsXRr06 > .tatsu-column-inner > .tatsu-right-divider{z-index: 9999;}@media only screen and (max-width:1377px) {.tatsu-row > .tatsu-rk-ZsXRr06.tatsu-column{width: 100%;}}@media only screen and (min-width:768px) and (max-width: 1024px) {.tatsu-row > .tatsu-rk-ZsXRr06.tatsu-column{width: 100%;}}@media only screen and (max-width: 767px) {.tatsu-row > .tatsu-rk-ZsXRr06.tatsu-column{width: 100%;}}<\/style><\/div><\/div><\/div><div class=\"tatsu-row-wrap  tatsu-wrap tatsu-row-has-two-cols tatsu-medium-gutter tatsu-eq-cols  tatsu-clearfix tatsu-HkQWjQCr0p\" ><div  class=\"tatsu-row \" ><div  class=\"tatsu-column  tatsu-bg-overlay tatsu-one-third tatsu-column-image-none tatsu-column-effect-none  tatsu-rJVWjmRrRp\"  data-parallax-speed=\"0\" style=\"\"><div class=\"tatsu-column-inner \" ><div class=\"tatsu-column-pad-wrap\"><div class=\"tatsu-column-pad\" ><div  class=\"tatsu-single-image tatsu-module tatsu-image-lazyload tatsu-SJBWo7RHAp  \" ><div class=\"tatsu-single-image-inner \" style=\"width : 362px;\" ><div class = \"tatsu-single-image-padding-wrap\" style = \"padding-bottom : 108.01104972376%;\" ><\/div><img class = \"tatsu-gradient-border\" alt = \"\" title = \"promo_finissants_lg\" data-src = \"https:\/\/pronotaire.com\/wp-content\/uploads\/2024\/03\/promo_finissants_lg.png\" src =\"data:image\/png;base64,iVBORw0KGgoAAAANSUhEUgAAAAEAAAABCAQAAAC1HAwCAAAAC0lEQVR42mNkYAAAAAYAAjCB0C8AAAAASUVORK5CYII=\"  \/><\/div><style>.tatsu-SJBWo7RHAp .tatsu-single-image-inner{border-style: solid;max-width: 100%;}.tatsu-SJBWo7RHAp.tatsu-single-image{transform: translate3d(0px,0px, 0);}<\/style><\/div><\/div><\/div><div class = \"tatsu-column-bg-image-wrap\"><div class = \"tatsu-column-bg-image\" ><\/div><\/div><div class=\"tatsu-overlay tatsu-column-overlay tatsu-animate-none\" ><\/div><\/div><style>.tatsu-row > .tatsu-rJVWjmRrRp.tatsu-column{width: 33.3%;}.tatsu-rJVWjmRrRp.tatsu-column > .tatsu-column-inner > .tatsu-column-overlay{mix-blend-mode: normal;}.tatsu-rJVWjmRrRp > .tatsu-column-inner > .tatsu-top-divider{z-index: 9999;}.tatsu-rJVWjmRrRp > .tatsu-column-inner > .tatsu-bottom-divider{z-index: 9999;}.tatsu-rJVWjmRrRp > .tatsu-column-inner > .tatsu-left-divider{z-index: 9999;}.tatsu-rJVWjmRrRp > .tatsu-column-inner > .tatsu-right-divider{z-index: 9999;}@media only screen and (max-width:1377px) {.tatsu-row > .tatsu-rJVWjmRrRp.tatsu-column{width: 33.33%;}}@media only screen and (min-width:768px) and (max-width: 1024px) {.tatsu-row > .tatsu-rJVWjmRrRp.tatsu-column{width: 33.33%;}}@media only screen and (max-width: 767px) {.tatsu-row > .tatsu-rJVWjmRrRp.tatsu-column{width: 100%;}}<\/style><\/div><div  class=\"tatsu-column  tatsu-bg-overlay tatsu-two-third tatsu-column-image-none tatsu-column-effect-none  tatsu-ryUZjm0r0p\"  data-parallax-speed=\"0\" style=\"\"><div class=\"tatsu-column-inner \" ><div class=\"tatsu-column-pad-wrap\"><div class=\"tatsu-column-pad\" ><div  class=\"tatsu-module tatsu-text-block-wrap tatsu-Hy5LNABRp  \"><div class=\"tatsu-text-inner tatsu-align-center  clearfix\" ><style>.tatsu-Hy5LNABRp.tatsu-text-block-wrap .tatsu-text-inner{width: 100%;text-align: left;}<\/style>\n<p><b>Abonnez-vous \u00e0 Pronotaire pour profiter de frais de d\u00e9marrage \u00e0 0 $ et de mensualit\u00e9s \u00e0 50 % de rabais pendant 6\u00a0mois*<\/b><\/p>\n<p>Pour une gestion int\u00e9gr\u00e9e de vos dossiers, de la production des actes \u00e0 la publication en ligne, en passant par la facturation et la comptabilit\u00e9 en fid\u00e9icommis.<\/p>\n<ul>\n<li>Soutien technique t\u00e9l\u00e9phonique assur\u00e9 par des notaires et des techniciens juridiques qualifi\u00e9s<\/li>\n<li>4 heures de formation Web incluses<\/li>\n<li>Mises \u00e0 jour gratuites<\/li>\n<li>Mod\u00e8les du r\u00e9pertoire de droit et des hypoth\u00e8ques gratuits, toujours \u00e0 jour et pr\u00eats \u00e0 \u00eatre fusionn\u00e9s<\/li>\n<\/ul>\n<\/div><\/div><div  class=\"tatsu-module tatsu-normal-button tatsu-button-wrap   tatsu-Sk_-sX0rC6   generique-pronotaire-fr\"><a class=\"tatsu-shortcode mediumbtn tatsu-button left-icon rounded   bg-animation-none  \" href=\"#\" style= \"\"  aria-label=\"j'en profite\" data-gdpr-atts={} >j'en profite<\/a><style>.tatsu-Sk_-sX0rC6 .tatsu-button{background-color: rgba(30,149,211,1);color: rgba(240,240,240,1) ;}.tatsu-Sk_-sX0rC6 .tatsu-button:hover{background-color: rgba(58,60,61,1);color: rgba(255,255,255,1) ;}.tatsu-Sk_-sX0rC6.tatsu-button-wrap{margin: 0px 0px 15px 0px;}<\/style><\/div><div  class=\"tatsu-module tatsu-text-block-wrap tatsu-SytZo7RS0a  \"><div class=\"tatsu-text-inner tatsu-align-center  clearfix\" ><style>.tatsu-SytZo7RS0a.tatsu-text-block-wrap .tatsu-text-inner{width: 100%;text-align: left;}<\/style>\n<p style=\"color: #444444; font-size: 11px; line-height: 21px;\">* Aucuns frais de d\u00e9marrage. Seuls les frais de 5 $ par publication \u00e9lectronique au Registre foncier s&rsquo;appliquent. Des frais mensuels d&rsquo;abonnement de 127 $ sont factur\u00e9s \u00e0 partir du septi\u00e8me mois. Les formations doivent \u00eatre suivies la premi\u00e8re ann\u00e9e. Un abonnement de 2 ans \u00e0 Pronotaire est requis.<\/p>\n<\/div><\/div><\/div><\/div><div class = \"tatsu-column-bg-image-wrap\"><div class = \"tatsu-column-bg-image\" ><\/div><\/div><div class=\"tatsu-overlay tatsu-column-overlay tatsu-animate-none\" ><\/div><\/div><style>.tatsu-row > .tatsu-ryUZjm0r0p.tatsu-column{width: 66.7%;}.tatsu-ryUZjm0r0p.tatsu-column > .tatsu-column-inner > .tatsu-column-overlay{mix-blend-mode: normal;}.tatsu-ryUZjm0r0p > .tatsu-column-inner > .tatsu-top-divider{z-index: 9999;}.tatsu-ryUZjm0r0p > .tatsu-column-inner > .tatsu-bottom-divider{z-index: 9999;}.tatsu-ryUZjm0r0p > .tatsu-column-inner > .tatsu-left-divider{z-index: 9999;}.tatsu-ryUZjm0r0p > .tatsu-column-inner > .tatsu-right-divider{z-index: 9999;}@media only screen and (max-width:1377px) {.tatsu-row > .tatsu-ryUZjm0r0p.tatsu-column{width: 66.67%;}}@media only screen and (min-width:768px) and (max-width: 1024px) {.tatsu-row > .tatsu-ryUZjm0r0p.tatsu-column{width: 66.67%;}}@media only screen and (max-width: 767px) {.tatsu-row > .tatsu-ryUZjm0r0p.tatsu-column{width: 100%;}}<\/style><\/div><\/div><\/div><\/div><div class=\"tatsu-section-background-wrap\"><div class = \"tatsu-section-background\" ><\/div><\/div><div class=\"tatsu-overlay tatsu-section-overlay\"><\/div><style>.tatsu-SkZjXRSRa .tatsu-section-pad{padding: 90px 0px 90px 0px;}.tatsu-SkZjXRSRa .tatsu-section-offset-wrap{transform: translateY(-0px);}.tatsu-SkZjXRSRa > .tatsu-bottom-divider{z-index: 9999;}.tatsu-SkZjXRSRa > .tatsu-top-divider{z-index: 9999;}.tatsu-SkZjXRSRa .tatsu-section-overlay{mix-blend-mode: normal;}<\/style><\/div>\n","protected":false},"excerpt":{"rendered":"<div><a href=\"https:\/\/pronotaire.com\/fr\/offre-exclusive-aux-finissants\/\" class=\"exp-read-more exp-read-more-underlined\">Read More<\/a><\/div>\n","protected":false},"author":2,"featured_media":0,"parent":0,"menu_order":0,"comment_status":"closed","ping_status":"closed","template":"","meta":{"footnotes":""},"class_list":["post-139","page","type-page","status-publish","hentry"],"yoast_head":"<!-- This site is optimized with the Yoast SEO plugin v27.2 - https:\/\/yoast.com\/product\/yoast-seo-wordpress\/ -->\n<title>Offre exclusive aux finissants - Pronotaire<\/title>\n<meta name=\"robots\" content=\"index, follow, max-snippet:-1, max-image-preview:large, max-video-preview:-1\" \/>\n<link rel=\"canonical\" href=\"https:\/\/pronotaire.com\/fr\/offre-exclusive-aux-finissants\/\" \/>\n<meta property=\"og:locale\" content=\"fr_FR\" \/>\n<meta property=\"og:type\" content=\"article\" \/>\n<meta property=\"og:title\" content=\"Offre exclusive aux finissants - Pronotaire\" \/>\n<meta property=\"og:description\" content=\"Read More\" \/>\n<meta property=\"og:url\" content=\"https:\/\/pronotaire.com\/fr\/offre-exclusive-aux-finissants\/\" \/>\n<meta property=\"og:site_name\" content=\"Pronotaire\" \/>\n<meta property=\"article:modified_time\" content=\"2025-04-07T19:38:18+00:00\" \/>\n<meta name=\"twitter:card\" content=\"summary_large_image\" \/>\n<meta name=\"twitter:label1\" content=\"Dur\u00e9e de lecture estim\u00e9e\" \/>\n\t<meta name=\"twitter:data1\" content=\"6 minutes\" \/>\n<script type=\"application\/ld+json\" class=\"yoast-schema-graph\">{\"@context\":\"https:\/\/schema.org\",\"@graph\":[{\"@type\":\"WebPage\",\"@id\":\"https:\/\/pronotaire.com\/fr\/offre-exclusive-aux-finissants\/\",\"url\":\"https:\/\/pronotaire.com\/fr\/offre-exclusive-aux-finissants\/\",\"name\":\"Offre exclusive aux finissants - Pronotaire\",\"isPartOf\":{\"@id\":\"https:\/\/pronotaire.com\/fr\/#website\"},\"datePublished\":\"2024-03-14T15:53:58+00:00\",\"dateModified\":\"2025-04-07T19:38:18+00:00\",\"breadcrumb\":{\"@id\":\"https:\/\/pronotaire.com\/fr\/offre-exclusive-aux-finissants\/#breadcrumb\"},\"inLanguage\":\"fr-FR\",\"potentialAction\":[{\"@type\":\"ReadAction\",\"target\":[\"https:\/\/pronotaire.com\/fr\/offre-exclusive-aux-finissants\/\"]}]},{\"@type\":\"BreadcrumbList\",\"@id\":\"https:\/\/pronotaire.com\/fr\/offre-exclusive-aux-finissants\/#breadcrumb\",\"itemListElement\":[{\"@type\":\"ListItem\",\"position\":1,\"name\":\"Accueil\",\"item\":\"https:\/\/pronotaire.com\/fr\/\"},{\"@type\":\"ListItem\",\"position\":2,\"name\":\"Offre exclusive aux finissants\"}]},{\"@type\":\"WebSite\",\"@id\":\"https:\/\/pronotaire.com\/fr\/#website\",\"url\":\"https:\/\/pronotaire.com\/fr\/\",\"name\":\"Pronotaire\",\"description\":\"Logiciel de gestion pour notaire.\",\"potentialAction\":[{\"@type\":\"SearchAction\",\"target\":{\"@type\":\"EntryPoint\",\"urlTemplate\":\"https:\/\/pronotaire.com\/fr\/?s={search_term_string}\"},\"query-input\":{\"@type\":\"PropertyValueSpecification\",\"valueRequired\":true,\"valueName\":\"search_term_string\"}}],\"inLanguage\":\"fr-FR\"}]}<\/script>\n<!-- \/ Yoast SEO plugin. -->","yoast_head_json":{"title":"Offre exclusive aux finissants - Pronotaire","robots":{"index":"index","follow":"follow","max-snippet":"max-snippet:-1","max-image-preview":"max-image-preview:large","max-video-preview":"max-video-preview:-1"},"canonical":"https:\/\/pronotaire.com\/fr\/offre-exclusive-aux-finissants\/","og_locale":"fr_FR","og_type":"article","og_title":"Offre exclusive aux finissants - Pronotaire","og_description":"Read More","og_url":"https:\/\/pronotaire.com\/fr\/offre-exclusive-aux-finissants\/","og_site_name":"Pronotaire","article_modified_time":"2025-04-07T19:38:18+00:00","twitter_card":"summary_large_image","twitter_misc":{"Dur\u00e9e de lecture estim\u00e9e":"6 minutes"},"schema":{"@context":"https:\/\/schema.org","@graph":[{"@type":"WebPage","@id":"https:\/\/pronotaire.com\/fr\/offre-exclusive-aux-finissants\/","url":"https:\/\/pronotaire.com\/fr\/offre-exclusive-aux-finissants\/","name":"Offre exclusive aux finissants - Pronotaire","isPartOf":{"@id":"https:\/\/pronotaire.com\/fr\/#website"},"datePublished":"2024-03-14T15:53:58+00:00","dateModified":"2025-04-07T19:38:18+00:00","breadcrumb":{"@id":"https:\/\/pronotaire.com\/fr\/offre-exclusive-aux-finissants\/#breadcrumb"},"inLanguage":"fr-FR","potentialAction":[{"@type":"ReadAction","target":["https:\/\/pronotaire.com\/fr\/offre-exclusive-aux-finissants\/"]}]},{"@type":"BreadcrumbList","@id":"https:\/\/pronotaire.com\/fr\/offre-exclusive-aux-finissants\/#breadcrumb","itemListElement":[{"@type":"ListItem","position":1,"name":"Accueil","item":"https:\/\/pronotaire.com\/fr\/"},{"@type":"ListItem","position":2,"name":"Offre exclusive aux finissants"}]},{"@type":"WebSite","@id":"https:\/\/pronotaire.com\/fr\/#website","url":"https:\/\/pronotaire.com\/fr\/","name":"Pronotaire","description":"Logiciel de gestion pour notaire.","potentialAction":[{"@type":"SearchAction","target":{"@type":"EntryPoint","urlTemplate":"https:\/\/pronotaire.com\/fr\/?s={search_term_string}"},"query-input":{"@type":"PropertyValueSpecification","valueRequired":true,"valueName":"search_term_string"}}],"inLanguage":"fr-FR"}]}},"_links":{"self":[{"href":"https:\/\/pronotaire.com\/fr\/wp-json\/wp\/v2\/pages\/139","targetHints":{"allow":["GET"]}}],"collection":[{"href":"https:\/\/pronotaire.com\/fr\/wp-json\/wp\/v2\/pages"}],"about":[{"href":"https:\/\/pronotaire.com\/fr\/wp-json\/wp\/v2\/types\/page"}],"author":[{"embeddable":true,"href":"https:\/\/pronotaire.com\/fr\/wp-json\/wp\/v2\/users\/2"}],"replies":[{"embeddable":true,"href":"https:\/\/pronotaire.com\/fr\/wp-json\/wp\/v2\/comments?post=139"}],"version-history":[{"count":6,"href":"https:\/\/pronotaire.com\/fr\/wp-json\/wp\/v2\/pages\/139\/revisions"}],"predecessor-version":[{"id":742,"href":"https:\/\/pronotaire.com\/fr\/wp-json\/wp\/v2\/pages\/139\/revisions\/742"}],"wp:attachment":[{"href":"https:\/\/pronotaire.com\/fr\/wp-json\/wp\/v2\/media?parent=139"}],"curies":[{"name":"wp","href":"https:\/\/api.w.org\/{rel}","templated":true}]}}