{"id":651,"date":"2024-04-03T09:52:48","date_gmt":"2024-04-03T13:52:48","guid":{"rendered":"https:\/\/pronotaire.com\/?page_id=651"},"modified":"2024-06-11T11:37:02","modified_gmt":"2024-06-11T15:37:02","slug":"formation-fonctionnement-de-la-paie-au-quebec","status":"publish","type":"page","link":"https:\/\/pronotaire.com\/fr\/formation-fonctionnement-de-la-paie-au-quebec\/","title":{"rendered":"Formation \u2013 Fonctionnement de la paie au Qu\u00e9bec"},"content":{"rendered":"<div  class=\"tatsu-H1zWA6tA6 tatsu-section  tatsu-bg-overlay   tatsu-clearfix\" data-title=\"\"  data-headerscheme=\"background--dark\"><div class='tatsu-section-pad clearfix' data-padding='{\"d\":\"90px 0px 90px 0px\"}' data-padding-top='90px'><div class=\"tatsu-row-wrap  tatsu-wrap tatsu-row-has-two-cols tatsu-medium-gutter tatsu-eq-cols  tatsu-clearfix tatsu-rJxf-C6FR6\" ><div  class=\"tatsu-row \" ><div  class=\"tatsu-column  tatsu-bg-overlay tatsu-two-third tatsu-column-image-none tatsu-column-effect-none  tatsu-BkZGbCTYAp\"  data-parallax-speed=\"0\" style=\"\"><div class=\"tatsu-column-inner \" ><div class=\"tatsu-column-pad-wrap\"><div class=\"tatsu-column-pad\" ><div  class=\"tatsu-module tatsu-inline-text clearfix tatsu-HkMz-RTtCT   \" ><style>.tatsu-HkMz-RTtCT .tatsu-inline-text-inner{width: 100%;text-align: left;}.tatsu-HkMz-RTtCT.tatsu-inline-text{margin: 0px 0px 5px 0px;}@media only screen and (max-width: 767px) {.tatsu-HkMz-RTtCT .tatsu-inline-text-inner{width: 100%;}}<\/style><div class=\"tatsu-inline-text-inner tatsu-align-center\">\n<h1 style=\"background-color: #ffffff;\">Fonctionnement de la paie au Qu\u00e9bec<\/h1>\n<\/div><\/div><div  class=\"tatsu-module tatsu-inline-text clearfix tatsu-S1mfWA6KCa   \" ><style>.tatsu-S1mfWA6KCa .tatsu-inline-text-inner{width: 100%;text-align: left;}@media only screen and (max-width: 767px) {.tatsu-S1mfWA6KCa .tatsu-inline-text-inner{width: 100%;}}<\/style><div class=\"tatsu-inline-text-inner tatsu-align-center\">\n<h5>(CWFPQ)<\/h5>\n<\/div><\/div><div  class=\"tatsu-module tatsu-inline-text clearfix tatsu-S1EZMEXkA   \" ><style>.tatsu-S1EZMEXkA .tatsu-inline-text-inner{width: 100%;text-align: left;}@media only screen and (max-width: 767px) {.tatsu-S1EZMEXkA .tatsu-inline-text-inner{width: 100%;}}<\/style><div class=\"tatsu-inline-text-inner tatsu-align-center\">\n<p><span class=\"tatsu-inline-link-style2\"><strong><a href=\"..\/centre-de-formation\/\" target=\"_self\" rel=\"noopener\">Retour \u00e0 la liste<\/a><\/strong><\/span><\/p>\n<\/div><\/div><div  class=\"tatsu-module tatsu-inline-text clearfix tatsu-BkwMWATKA6   \" ><style>.tatsu-BkwMWATKA6 .tatsu-inline-text-inner{width: 100%;text-align: left;}@media only screen and (max-width: 767px) {.tatsu-BkwMWATKA6 .tatsu-inline-text-inner{width: 100%;}}<\/style><div class=\"tatsu-inline-text-inner tatsu-align-center\">\n<p><span class=\"body\"><strong>\u00c0 qui s&rsquo;adresse ce cours :<br \/><\/strong><\/span>Ce cours s&rsquo;adresse \u00e0 toute personne souhaitant en savoir plus sur le fonctionnement de la paie au Qu\u00e9bec et se familiariser avec le vocabulaire ainsi que les diff\u00e9rents taux qui s&rsquo;appliquent aux diverses d\u00e9ductions gouvernementales.<\/p>\n<p><span class=\"body\"><strong>Description du cours :<br \/><\/strong><\/span>Pr\u00e9sent\u00e9e sous forme de vid\u00e9os et de quiz interactifs, cette formation en ligne permet de conna\u00eetre les divers \u00e9l\u00e9ments \u00e0 prendre en consid\u00e9ration dans le calcul d&rsquo;une paie. Il sera autant question des d\u00e9ductions qui s&rsquo;appliquent aux employ\u00e9s qu&rsquo;aux contributions qui s&rsquo;appliquent plut\u00f4t aux employeurs. De plus, vous obtiendrez toute l&rsquo;information n\u00e9cessaire pour calculer une paie manuellement.<\/p>\n<\/div><\/div><div  class=\"tatsu-module tatsu-normal-button tatsu-button-wrap   tatsu-SJ8ED4Q10   \"><a class=\"tatsu-shortcode mediumbtn tatsu-button left-icon rounded   bg-animation-none  \" href=\"https:\/\/jurisconcept.thinkific.com\/courses\/fonctionnement-de-la-paie-au-quebec\" style= \"\"  aria-label=\"acheter\" data-gdpr-atts={} target=\"_blank\">acheter<\/a><style>.tatsu-SJ8ED4Q10 .tatsu-button{background-color: rgba(30,149,211,1);color: rgba(240,240,240,1) ;}.tatsu-SJ8ED4Q10 .tatsu-button:hover{background-color: rgba(58,60,61,1);color: rgba(255,255,255,1) ;}<\/style><\/div><div  class=\"tatsu-module tatsu-inline-text clearfix tatsu-r1YGbCpFCp   \" ><style>.tatsu-r1YGbCpFCp .tatsu-inline-text-inner{width: 100%;text-align: left;}@media only screen and (max-width: 767px) {.tatsu-r1YGbCpFCp .tatsu-inline-text-inner{width: 100%;}}<\/style><div class=\"tatsu-inline-text-inner tatsu-align-center\">\n<p><span class=\"body\" style=\"background-color: #ffffff; letter-spacing: normal;\">Vous serez dirig\u00e9 vers notre centre de formation en ligne.<\/span><\/p>\n<\/div><\/div><div class=\"tatsu-row-wrap  tatsu-row-one-col tatsu-row-has-one-cols tatsu-medium-gutter tatsu-reg-cols tatsu-inner-row-wrap  tatsu-clearfix tatsu-HygQYBVQ10\" ><style>.tatsu-HygQYBVQ10.tatsu-row-wrap > .tatsu-row{padding: 30px 30px 30px 30px;background-color: rgba(214,209,214,1);}<\/style><div  class=\"tatsu-row \" ><div  class=\"tatsu-column  tatsu-bg-overlay tatsu-one-col tatsu-column-image- tatsu-column-effect-  tatsu-HkQYBVXJ0\"  data-parallax-speed=\"0\" style=\"\"><div class=\"tatsu-column-inner \" ><div class=\"tatsu-column-pad-wrap\"><div class=\"tatsu-column-pad\" ><div  class=\"tatsu-module tatsu-inline-text clearfix tatsu-S12hfVXk0   \" ><style>.tatsu-S12hfVXk0 .tatsu-inline-text-inner{width: 100%;text-align: left;}.tatsu-S12hfVXk0.tatsu-inline-text{margin: 0px 0px 0px 0px;}@media only screen and (max-width: 767px) {.tatsu-S12hfVXk0 .tatsu-inline-text-inner{width: 100%;}}<\/style><div class=\"tatsu-inline-text-inner tatsu-align-center\">\n<h5>Cr\u00e9ez votre formation sur mesure!<\/h5>\n<\/div><\/div><div  class=\"tatsu-module tatsu-inline-text clearfix tatsu-ByvJmEQ1R   \" ><style>.tatsu-ByvJmEQ1R .tatsu-inline-text-inner{width: 100%;text-align: left;}.tatsu-ByvJmEQ1R.tatsu-inline-text{margin: 0px 0px 15px 0px;}@media only screen and (max-width: 767px) {.tatsu-ByvJmEQ1R .tatsu-inline-text-inner{width: 100%;}}<\/style><div class=\"tatsu-inline-text-inner tatsu-align-center\">\n<p>Nous offrons des formations personnalis\u00e9es pour r\u00e9pondre \u00e0 vos besoins plus sp\u00e9cifiques.<\/p>\n<\/div><\/div><div  class=\"tatsu-module tatsu-normal-button tatsu-button-wrap   tatsu-SJyt-4QyA   generique-pronotaire-fr\"><a class=\"tatsu-shortcode mediumbtn tatsu-button left-icon rounded   bg-animation-none  \" href=\"https:\/\/e-formation.portailpme.com\/courses\/pronotaire-formation-de-base-1\" style= \"\"  aria-label=\"Contactez-nous pour en savoir plus\" data-gdpr-atts={} target=\"_blank\">Contactez-nous pour en savoir plus<\/a><style>.tatsu-SJyt-4QyA .tatsu-button{background-color: rgba(30,149,211,1);color: rgba(240,240,240,1) ;}.tatsu-SJyt-4QyA .tatsu-button:hover{background-color: rgba(58,60,61,1);color: rgba(255,255,255,1) ;}<\/style><\/div><\/div><\/div><div class = \"tatsu-column-bg-image-wrap\"><div class = \"tatsu-column-bg-image\" ><\/div><\/div><div class=\"tatsu-overlay tatsu-column-overlay tatsu-animate-none\" ><\/div><\/div><style>.tatsu-row > .tatsu-HkQYBVXJ0.tatsu-column{width: 100%;}.tatsu-HkQYBVXJ0.tatsu-column > .tatsu-column-inner > .tatsu-column-overlay{mix-blend-mode: normal;}.tatsu-HkQYBVXJ0 > .tatsu-column-inner > .tatsu-top-divider{z-index: 9999;}.tatsu-HkQYBVXJ0 > .tatsu-column-inner > .tatsu-bottom-divider{z-index: 9999;}.tatsu-HkQYBVXJ0 > .tatsu-column-inner > .tatsu-left-divider{z-index: 9999;}.tatsu-HkQYBVXJ0 > .tatsu-column-inner > .tatsu-right-divider{z-index: 9999;}@media only screen and (max-width:1377px) {.tatsu-row > .tatsu-HkQYBVXJ0.tatsu-column{width: 100%;}}@media only screen and (min-width:768px) and (max-width: 1024px) {.tatsu-row > .tatsu-HkQYBVXJ0.tatsu-column{width: 100%;}}@media only screen and (max-width: 767px) {.tatsu-row > .tatsu-HkQYBVXJ0.tatsu-column{width: 100%;}}<\/style><\/div><\/div><\/div><\/div><\/div><div class = \"tatsu-column-bg-image-wrap\"><div class = \"tatsu-column-bg-image\" ><\/div><\/div><div class=\"tatsu-overlay tatsu-column-overlay tatsu-animate-none\" ><\/div><\/div><style>.tatsu-row > .tatsu-BkZGbCTYAp.tatsu-column{width: 66.67%;}.tatsu-BkZGbCTYAp.tatsu-column > .tatsu-column-inner > .tatsu-column-overlay{mix-blend-mode: normal;}.tatsu-BkZGbCTYAp > .tatsu-column-inner > .tatsu-top-divider{z-index: 9999;}.tatsu-BkZGbCTYAp > .tatsu-column-inner > .tatsu-bottom-divider{z-index: 9999;}.tatsu-BkZGbCTYAp > .tatsu-column-inner > .tatsu-left-divider{z-index: 9999;}.tatsu-BkZGbCTYAp > .tatsu-column-inner > .tatsu-right-divider{z-index: 9999;}@media only screen and (max-width:1377px) {.tatsu-row > .tatsu-BkZGbCTYAp.tatsu-column{width: 66.67%;}}@media only screen and (min-width:768px) and (max-width: 1024px) {.tatsu-row > .tatsu-BkZGbCTYAp.tatsu-column{width: 66.67%;}}@media only screen and (max-width: 767px) {.tatsu-row > .tatsu-BkZGbCTYAp.tatsu-column{width: 100%;}}<\/style><\/div><div  class=\"tatsu-column  tatsu-bg-overlay tatsu-one-third tatsu-column-image-none tatsu-column-effect-none  tatsu-Hkx54SE71R\"  data-parallax-speed=\"0\" style=\"\"><div class=\"tatsu-column-inner \" ><div class=\"tatsu-column-pad-wrap\"><div class=\"tatsu-column-pad\" ><div  class=\"tatsu-module tatsu-inline-text clearfix tatsu-rkpSLV7yR   \" ><style>.tatsu-rkpSLV7yR .tatsu-inline-text-inner{width: 100%;text-align: left;}@media only screen and (max-width: 767px) {.tatsu-rkpSLV7yR .tatsu-inline-text-inner{width: 100%;}}<\/style><div class=\"tatsu-inline-text-inner tatsu-align-center\">\n<h3>Fonctionnement de la paie au Qu\u00e9bec<\/h3>\n<\/div><\/div><div  class=\"tatsu-module tatsu-inline-text clearfix tatsu-rk1dIEmJR   \" ><style>.tatsu-rk1dIEmJR .tatsu-inline-text-inner{width: 100%;text-align: left;}@media only screen and (max-width: 767px) {.tatsu-rk1dIEmJR .tatsu-inline-text-inner{width: 100%;}}<\/style><div class=\"tatsu-inline-text-inner tatsu-align-center\">\n<h5>Formation libre\u2011service<\/h5>\n<\/div><\/div><div  class=\"tatsu-module tatsu-text-block-wrap tatsu-HyTtIEQyA  \"><div class=\"tatsu-text-inner tatsu-align-center  clearfix\" ><style>.tatsu-HyTtIEQyA.tatsu-text-block-wrap .tatsu-text-inner{width: 100%;text-align: left;}<\/style>\n<h2><span style=\"font-size: 200%;\">199$<\/span><\/h2>\n<\/div><\/div><div  class=\"tatsu-module tatsu-normal-button tatsu-button-wrap align-block block-center  tatsu-rysfmVXkR   \"><a class=\"tatsu-shortcode blockbtn tatsu-button left-icon rounded   bg-animation-none  \" href=\"https:\/\/jurisconcept.thinkific.com\/courses\/fonctionnement-de-la-paie-au-quebec\" style= \"\"  aria-label=\"acheter\" data-gdpr-atts={} target=\"_blank\">acheter<\/a><style>.tatsu-rysfmVXkR .tatsu-button{background-color: rgba(30,149,211,1);color: rgba(240,240,240,1) ;}.tatsu-rysfmVXkR .tatsu-button:hover{background-color: rgba(58,60,61,1);color: rgba(255,255,255,1) ;}<\/style><\/div><div  class=\"tatsu-module tatsu-divider-wrap  tatsu-rJ8QFEQy0   \"  ><style>.tatsu-rJ8QFEQy0 .tatsu-divider{height: 1px;width: 100%;background: rgba(214,209,214,1);}.tatsu-rJ8QFEQy0.tatsu-divider-wrap{text-align: left;}<\/style><hr class=\"tatsu-divider\"\/><\/div><div  class=\"tatsu-module tatsu-text-block-wrap tatsu-ByKrw4m1R  \"><div class=\"tatsu-text-inner tatsu-align-center  clearfix\" ><style>.tatsu-ByKrw4m1R.tatsu-text-block-wrap .tatsu-text-inner{width: 100%;text-align: left;}<\/style>\n<p><img decoding=\"async\" class=\"alignnone size-full wp-image-588 lazyload\" data-src=\"https:\/\/pronotaire.com\/wp-content\/uploads\/2024\/03\/ico_duree.png\" alt=\"\" width=\"16\" height=\"18\" src=\"data:image\/svg+xml;base64,PHN2ZyB3aWR0aD0iMSIgaGVpZ2h0PSIxIiB4bWxucz0iaHR0cDovL3d3dy53My5vcmcvMjAwMC9zdmciPjwvc3ZnPg==\" style=\"--smush-placeholder-width: 16px; --smush-placeholder-aspect-ratio: 16\/18;\" \/>\u00a0 \u00bd journ\u00e9e &#8211; <span style=\"background-color: #1e95d3; color: #ffffff; font-weight: 900;\"> 24 \/ 7 <\/span><br \/>Acc\u00e8s \u00e0 la formation pendant 30 jours<br \/>(24 h\/24, 7 j\/7)<br \/>Nombre de visionnements illimit\u00e9<\/p>\n<\/div><\/div><div  class=\"tatsu-module tatsu-divider-wrap  tatsu-BJhztEXyR   \"  ><style>.tatsu-BJhztEXyR .tatsu-divider{height: 1px;width: 100%;background: rgba(214,209,214,1);}.tatsu-BJhztEXyR.tatsu-divider-wrap{text-align: left;}<\/style><hr class=\"tatsu-divider\"\/><\/div><div  class=\"tatsu-module tatsu-text-block-wrap tatsu-Sk-4KEQJC  \"><div class=\"tatsu-text-inner tatsu-align-center  clearfix\" ><style>.tatsu-Sk-4KEQJC.tatsu-text-block-wrap .tatsu-text-inner{width: 100%;text-align: left;}<\/style>\n<p><img decoding=\"async\" class=\"alignnone size-full wp-image-597 lazyload\" data-src=\"https:\/\/pronotaire.com\/wp-content\/uploads\/2024\/03\/ico_plan.png\" alt=\"\" width=\"13\" height=\"17\" src=\"data:image\/svg+xml;base64,PHN2ZyB3aWR0aD0iMSIgaGVpZ2h0PSIxIiB4bWxucz0iaHR0cDovL3d3dy53My5vcmcvMjAwMC9zdmciPjwvc3ZnPg==\" style=\"--smush-placeholder-width: 13px; --smush-placeholder-aspect-ratio: 13\/17;\" \/> <strong> Plan du cours<\/strong><\/p>\n<\/div><\/div><div  class=\"tatsu-module tatsu-inline-text clearfix tatsu-BkgiF4mJR   \" ><style>.tatsu-BkgiF4mJR .tatsu-inline-text-inner{width: 100%;text-align: left;}@media only screen and (max-width: 767px) {.tatsu-BkgiF4mJR .tatsu-inline-text-inner{width: 100%;}}<\/style><div class=\"tatsu-inline-text-inner tatsu-align-center\">\n<p><span style=\"color: #1e95d3;\"><strong><span class=\"tatsu-inline-link-style2\"><a style=\"color: #1e95d3;\" href=\"\/\/www.acomba.com\/wp-content\/uploads-svn\/pdf\/Plan-de-cours_Formations-connexes_Fonctionnement-de-la-paie-au-Quebec.pdf\" target=\"_blank\" rel=\"noopener\">T\u00e9l\u00e9charger le plan de cours<\/a><\/span><\/strong><\/span><\/p>\n<\/div><\/div><\/div><\/div><div class = \"tatsu-column-bg-image-wrap\"><div class = \"tatsu-column-bg-image\" ><\/div><\/div><div class=\"tatsu-overlay tatsu-column-overlay tatsu-animate-none\" ><\/div><\/div><style>.tatsu-row > .tatsu-Hkx54SE71R.tatsu-column{width: 33.33%;}.tatsu-Hkx54SE71R.tatsu-column > .tatsu-column-inner > .tatsu-column-pad-wrap > .tatsu-column-pad{padding: 15px 25px 15px 25px;}.tatsu-Hkx54SE71R.tatsu-column > .tatsu-column-inner{border-width: 2px 2px 2px 2px;border-color: rgba(214,209,214,1); }.tatsu-Hkx54SE71R.tatsu-column > .tatsu-column-inner > .tatsu-column-overlay{mix-blend-mode: normal;}.tatsu-Hkx54SE71R > .tatsu-column-inner > .tatsu-top-divider{z-index: 9999;}.tatsu-Hkx54SE71R > .tatsu-column-inner > .tatsu-bottom-divider{z-index: 9999;}.tatsu-Hkx54SE71R > .tatsu-column-inner > .tatsu-left-divider{z-index: 9999;}.tatsu-Hkx54SE71R > .tatsu-column-inner > .tatsu-right-divider{z-index: 9999;}@media only screen and (max-width:1377px) {.tatsu-row > .tatsu-Hkx54SE71R.tatsu-column{width: 33.33%;}}@media only screen and (min-width:768px) and (max-width: 1024px) {.tatsu-row > .tatsu-Hkx54SE71R.tatsu-column{width: 33.33%;}}@media only screen and (max-width: 767px) {.tatsu-row > .tatsu-Hkx54SE71R.tatsu-column{width: 100%;}}<\/style><\/div><\/div><\/div><\/div><div class=\"tatsu-section-background-wrap\"><div class = \"tatsu-section-background\" ><\/div><\/div><div class=\"tatsu-overlay tatsu-section-overlay\"><\/div><style>.tatsu-H1zWA6tA6 .tatsu-section-pad{padding: 90px 0px 90px 0px;}.tatsu-H1zWA6tA6 .tatsu-section-offset-wrap{transform: translateY(-0px);}.tatsu-H1zWA6tA6 > .tatsu-bottom-divider{z-index: 9999;}.tatsu-H1zWA6tA6 > .tatsu-top-divider{z-index: 9999;}.tatsu-H1zWA6tA6 .tatsu-section-overlay{mix-blend-mode: normal;}<\/style><\/div>\n","protected":false},"excerpt":{"rendered":"<div><a href=\"https:\/\/pronotaire.com\/fr\/formation-fonctionnement-de-la-paie-au-quebec\/\" class=\"exp-read-more exp-read-more-underlined\">Read More<\/a><\/div>\n","protected":false},"author":2,"featured_media":0,"parent":0,"menu_order":0,"comment_status":"closed","ping_status":"closed","template":"","meta":{"footnotes":""},"class_list":["post-651","page","type-page","status-publish","hentry"],"yoast_head":"<!-- This site is optimized with the Yoast SEO plugin v27.2 - https:\/\/yoast.com\/product\/yoast-seo-wordpress\/ -->\n<title>Formation \u2013 Fonctionnement de la paie au Qu\u00e9bec - Pronotaire<\/title>\n<meta name=\"robots\" content=\"index, follow, max-snippet:-1, max-image-preview:large, max-video-preview:-1\" \/>\n<link rel=\"canonical\" href=\"https:\/\/pronotaire.com\/fr\/formation-fonctionnement-de-la-paie-au-quebec\/\" \/>\n<meta property=\"og:locale\" content=\"fr_FR\" \/>\n<meta property=\"og:type\" content=\"article\" \/>\n<meta property=\"og:title\" content=\"Formation \u2013 Fonctionnement de la paie au Qu\u00e9bec - Pronotaire\" \/>\n<meta property=\"og:description\" content=\"Read More\" \/>\n<meta property=\"og:url\" content=\"https:\/\/pronotaire.com\/fr\/formation-fonctionnement-de-la-paie-au-quebec\/\" \/>\n<meta property=\"og:site_name\" content=\"Pronotaire\" \/>\n<meta property=\"article:modified_time\" content=\"2024-06-11T15:37:02+00:00\" \/>\n<meta property=\"og:image\" content=\"https:\/\/pronotaire.com\/wp-content\/uploads\/2024\/03\/ico_duree.png\" \/>\n<meta name=\"twitter:card\" content=\"summary_large_image\" \/>\n<script type=\"application\/ld+json\" class=\"yoast-schema-graph\">{\"@context\":\"https:\/\/schema.org\",\"@graph\":[{\"@type\":\"WebPage\",\"@id\":\"https:\/\/pronotaire.com\/fr\/formation-fonctionnement-de-la-paie-au-quebec\/\",\"url\":\"https:\/\/pronotaire.com\/fr\/formation-fonctionnement-de-la-paie-au-quebec\/\",\"name\":\"Formation \u2013 Fonctionnement de la paie au Qu\u00e9bec - Pronotaire\",\"isPartOf\":{\"@id\":\"https:\/\/pronotaire.com\/fr\/#website\"},\"primaryImageOfPage\":{\"@id\":\"https:\/\/pronotaire.com\/fr\/formation-fonctionnement-de-la-paie-au-quebec\/#primaryimage\"},\"image\":{\"@id\":\"https:\/\/pronotaire.com\/fr\/formation-fonctionnement-de-la-paie-au-quebec\/#primaryimage\"},\"thumbnailUrl\":\"https:\/\/pronotaire.com\/wp-content\/uploads\/2024\/03\/ico_duree.png\",\"datePublished\":\"2024-04-03T13:52:48+00:00\",\"dateModified\":\"2024-06-11T15:37:02+00:00\",\"breadcrumb\":{\"@id\":\"https:\/\/pronotaire.com\/fr\/formation-fonctionnement-de-la-paie-au-quebec\/#breadcrumb\"},\"inLanguage\":\"fr-FR\",\"potentialAction\":[{\"@type\":\"ReadAction\",\"target\":[\"https:\/\/pronotaire.com\/fr\/formation-fonctionnement-de-la-paie-au-quebec\/\"]}]},{\"@type\":\"ImageObject\",\"inLanguage\":\"fr-FR\",\"@id\":\"https:\/\/pronotaire.com\/fr\/formation-fonctionnement-de-la-paie-au-quebec\/#primaryimage\",\"url\":\"https:\/\/pronotaire.com\/wp-content\/uploads\/2024\/03\/ico_duree.png\",\"contentUrl\":\"https:\/\/pronotaire.com\/wp-content\/uploads\/2024\/03\/ico_duree.png\"},{\"@type\":\"BreadcrumbList\",\"@id\":\"https:\/\/pronotaire.com\/fr\/formation-fonctionnement-de-la-paie-au-quebec\/#breadcrumb\",\"itemListElement\":[{\"@type\":\"ListItem\",\"position\":1,\"name\":\"Accueil\",\"item\":\"https:\/\/pronotaire.com\/fr\/\"},{\"@type\":\"ListItem\",\"position\":2,\"name\":\"Formation \u2013 Fonctionnement de la paie au Qu\u00e9bec\"}]},{\"@type\":\"WebSite\",\"@id\":\"https:\/\/pronotaire.com\/fr\/#website\",\"url\":\"https:\/\/pronotaire.com\/fr\/\",\"name\":\"Pronotaire\",\"description\":\"Logiciel de gestion pour notaire.\",\"potentialAction\":[{\"@type\":\"SearchAction\",\"target\":{\"@type\":\"EntryPoint\",\"urlTemplate\":\"https:\/\/pronotaire.com\/fr\/?s={search_term_string}\"},\"query-input\":{\"@type\":\"PropertyValueSpecification\",\"valueRequired\":true,\"valueName\":\"search_term_string\"}}],\"inLanguage\":\"fr-FR\"}]}<\/script>\n<!-- \/ Yoast SEO plugin. -->","yoast_head_json":{"title":"Formation \u2013 Fonctionnement de la paie au Qu\u00e9bec - Pronotaire","robots":{"index":"index","follow":"follow","max-snippet":"max-snippet:-1","max-image-preview":"max-image-preview:large","max-video-preview":"max-video-preview:-1"},"canonical":"https:\/\/pronotaire.com\/fr\/formation-fonctionnement-de-la-paie-au-quebec\/","og_locale":"fr_FR","og_type":"article","og_title":"Formation \u2013 Fonctionnement de la paie au Qu\u00e9bec - Pronotaire","og_description":"Read More","og_url":"https:\/\/pronotaire.com\/fr\/formation-fonctionnement-de-la-paie-au-quebec\/","og_site_name":"Pronotaire","article_modified_time":"2024-06-11T15:37:02+00:00","og_image":[{"url":"https:\/\/pronotaire.com\/wp-content\/uploads\/2024\/03\/ico_duree.png","type":"","width":"","height":""}],"twitter_card":"summary_large_image","schema":{"@context":"https:\/\/schema.org","@graph":[{"@type":"WebPage","@id":"https:\/\/pronotaire.com\/fr\/formation-fonctionnement-de-la-paie-au-quebec\/","url":"https:\/\/pronotaire.com\/fr\/formation-fonctionnement-de-la-paie-au-quebec\/","name":"Formation \u2013 Fonctionnement de la paie au Qu\u00e9bec - Pronotaire","isPartOf":{"@id":"https:\/\/pronotaire.com\/fr\/#website"},"primaryImageOfPage":{"@id":"https:\/\/pronotaire.com\/fr\/formation-fonctionnement-de-la-paie-au-quebec\/#primaryimage"},"image":{"@id":"https:\/\/pronotaire.com\/fr\/formation-fonctionnement-de-la-paie-au-quebec\/#primaryimage"},"thumbnailUrl":"https:\/\/pronotaire.com\/wp-content\/uploads\/2024\/03\/ico_duree.png","datePublished":"2024-04-03T13:52:48+00:00","dateModified":"2024-06-11T15:37:02+00:00","breadcrumb":{"@id":"https:\/\/pronotaire.com\/fr\/formation-fonctionnement-de-la-paie-au-quebec\/#breadcrumb"},"inLanguage":"fr-FR","potentialAction":[{"@type":"ReadAction","target":["https:\/\/pronotaire.com\/fr\/formation-fonctionnement-de-la-paie-au-quebec\/"]}]},{"@type":"ImageObject","inLanguage":"fr-FR","@id":"https:\/\/pronotaire.com\/fr\/formation-fonctionnement-de-la-paie-au-quebec\/#primaryimage","url":"https:\/\/pronotaire.com\/wp-content\/uploads\/2024\/03\/ico_duree.png","contentUrl":"https:\/\/pronotaire.com\/wp-content\/uploads\/2024\/03\/ico_duree.png"},{"@type":"BreadcrumbList","@id":"https:\/\/pronotaire.com\/fr\/formation-fonctionnement-de-la-paie-au-quebec\/#breadcrumb","itemListElement":[{"@type":"ListItem","position":1,"name":"Accueil","item":"https:\/\/pronotaire.com\/fr\/"},{"@type":"ListItem","position":2,"name":"Formation \u2013 Fonctionnement de la paie au Qu\u00e9bec"}]},{"@type":"WebSite","@id":"https:\/\/pronotaire.com\/fr\/#website","url":"https:\/\/pronotaire.com\/fr\/","name":"Pronotaire","description":"Logiciel de gestion pour notaire.","potentialAction":[{"@type":"SearchAction","target":{"@type":"EntryPoint","urlTemplate":"https:\/\/pronotaire.com\/fr\/?s={search_term_string}"},"query-input":{"@type":"PropertyValueSpecification","valueRequired":true,"valueName":"search_term_string"}}],"inLanguage":"fr-FR"}]}},"_links":{"self":[{"href":"https:\/\/pronotaire.com\/fr\/wp-json\/wp\/v2\/pages\/651","targetHints":{"allow":["GET"]}}],"collection":[{"href":"https:\/\/pronotaire.com\/fr\/wp-json\/wp\/v2\/pages"}],"about":[{"href":"https:\/\/pronotaire.com\/fr\/wp-json\/wp\/v2\/types\/page"}],"author":[{"embeddable":true,"href":"https:\/\/pronotaire.com\/fr\/wp-json\/wp\/v2\/users\/2"}],"replies":[{"embeddable":true,"href":"https:\/\/pronotaire.com\/fr\/wp-json\/wp\/v2\/comments?post=651"}],"version-history":[{"count":8,"href":"https:\/\/pronotaire.com\/fr\/wp-json\/wp\/v2\/pages\/651\/revisions"}],"predecessor-version":[{"id":686,"href":"https:\/\/pronotaire.com\/fr\/wp-json\/wp\/v2\/pages\/651\/revisions\/686"}],"wp:attachment":[{"href":"https:\/\/pronotaire.com\/fr\/wp-json\/wp\/v2\/media?parent=651"}],"curies":[{"name":"wp","href":"https:\/\/api.w.org\/{rel}","templated":true}]}}